{"id":12,"date":"2025-08-04T17:02:12","date_gmt":"2025-08-04T17:02:12","guid":{"rendered":"https:\/\/smartjobfunds.com\/?page_id=12"},"modified":"2025-08-04T17:02:13","modified_gmt":"2025-08-04T17:02:13","slug":"about","status":"publish","type":"page","link":"https:\/\/smartjobfunds.com\/es\/about\/","title":{"rendered":"Acerca de"},"content":{"rendered":"<p><strong><br><\/strong>Smart Job Funds existe para apoyar a personas que est\u00e1n construyendo activamente su trayectoria profesional, ya sea que se incorporen al mercado laboral, cambien de carrera o busquen ampliar sus habilidades. Nuestra plataforma se basa en un objetivo simple: proporcionar informaci\u00f3n clara, accesible e independiente sobre vacantes, desarrollo profesional y oportunidades de aprendizaje.<\/p>\n\n\n\n<p>Creemos que las mejores decisiones empiezan con mejor informaci\u00f3n. Por eso nos centramos en recopilar y organizar ofertas de empleo, recursos profesionales y opciones de formaci\u00f3n disponibles p\u00fablicamente, todo en un solo lugar y de acceso gratuito. No reclutamos, no vendemos cursos ni promocionamos empresas. En cambio, creamos un espacio para que explores las opciones disponibles y decidas qu\u00e9 se ajusta a tus objetivos.<\/p>\n\n\n\n<p>Detr\u00e1s de cada art\u00edculo y anuncio de Smart Job Funds se esconde un compromiso con la utilidad. Nuestro objetivo es ofrecerle m\u00e1s que simples consejos superficiales o vagos. Nuestro equipo editorial selecciona contenido para ayudar a los lectores a comprender no solo d\u00f3nde buscar, sino tambi\u00e9n c\u00f3mo actuar y qu\u00e9 esperar del mercado laboral y los recursos educativos disponibles hoy en d\u00eda.<\/p>\n\n\n\n<h2 class=\"wp-block-heading\">Lo que encontrar\u00e1 en Smart Job Funds<\/h2>\n\n\n\n<p>Ya sea que est\u00e9s buscando tu primer empleo, reincorporarte al mercado laboral o impulsar tu carrera profesional con nuevas habilidades, Smart Job Funds ofrece contenido adaptado a las necesidades del mundo real. Organizamos nuestra plataforma en torno a temas pr\u00e1cticos y recurrentes que te ayudan a avanzar con prop\u00f3sito y preparaci\u00f3n.<\/p>\n\n\n\n<p>Esto es lo que nuestros lectores buscan:<\/p>\n\n\n\n<p><strong>Ofertas de trabajo y oportunidades laborales<\/strong><\/p>\n\n\n\n<p>Publicamos informaci\u00f3n actualizada peri\u00f3dicamente sobre empleos en diferentes \u00e1reas. Desde puestos por horas hasta puestos especializados, destacamos las oportunidades publicadas y disponibles. Seleccionamos las ofertas por su claridad, accesibilidad y relevancia para los distintos niveles de experiencia.<\/p>\n\n\n\n<p><strong>Consejos profesionales con valor real<\/strong><\/p>\n\n\n\n<p>Nuestras gu\u00edas cubren los pilares de una s\u00f3lida base profesional. Esto incluye redactar mejores curr\u00edculums, mejorar las habilidades para las entrevistas, prepararse para ferias de empleo, gestionar despidos y negociar ofertas. No nos limitamos a la motivaci\u00f3n superficial; nos centramos en estrategias que realmente puedes aplicar.<\/p>\n\n\n\n<p><strong>Opciones de aprendizaje y cursos en l\u00ednea<\/strong><\/p>\n\n\n\n<p>Investigamos y revisamos una amplia gama de programas en l\u00ednea y opciones de certificaci\u00f3n. Estos incluyen cursos gratuitos y de pago, dise\u00f1ados para ayudar a los usuarios a desarrollar habilidades muy demandadas en \u00e1reas como tecnolog\u00eda, negocios, salud y oficios especializados. Cada oferta incluye descripciones claras, objetivos de aprendizaje y estimaciones de tiempo.<\/p>\n\n\n\n<p><strong>Perspectivas de la industria y cambios profesionales<\/strong><\/p>\n\n\n\n<p>Los mercados laborales evolucionan r\u00e1pidamente. Por eso, elaboramos contenido editorial sobre tendencias laborales, carreras profesionales emergentes y cambios en las pr\u00e1cticas de contrataci\u00f3n. Exploramos temas como el teletrabajo, la automatizaci\u00f3n, las habilidades blandas y las nuevas certificaciones que est\u00e1n cobrando protagonismo.<\/p>\n\n\n\n<p>Tambi\u00e9n nos centramos en ayudar a las personas a mantenerse organizadas, resilientes y adaptables ante las cambiantes condiciones econ\u00f3micas. Sin importar su formaci\u00f3n o nivel de experiencia, encontrar\u00e1 contenido pr\u00e1ctico dise\u00f1ado para ayudarle a avanzar a su propio ritmo.<\/p>\n\n\n\n<h2 class=\"wp-block-heading\">C\u00f3mo trabajamos y en qu\u00e9 creemos<\/h2>\n\n\n\n<p>En Smart Job Funds, la transparencia y la neutralidad son parte de nuestra filosof\u00eda. No colaboramos con empresas, reclutadores ni proveedores de cursos. No aceptamos pagos a cambio de publicar ofertas de empleo ni programas de formaci\u00f3n. Esto nos permite mantener nuestra total independencia y centrarnos en servir prioritariamente a nuestros lectores.<\/p>\n\n\n\n<p>As\u00ed es como abordamos nuestro trabajo:<\/p>\n\n\n\n<ul>\n<li><strong>El contenido se selecciona en funci\u00f3n de la relevancia, no de la promoci\u00f3n.<\/strong><\/li>\n<\/ul>\n\n\n\n<p>Solo compartimos listados de trabajo y cursos que creemos que ofrecen oportunidades reales para los usuarios, independientemente del patrocinio o la marca.<\/p>\n\n\n\n<ul>\n<li><strong>La revisi\u00f3n editorial es parte de todo lo que publicamos.<\/strong><\/li>\n<\/ul>\n\n\n\n<p>Cada art\u00edculo, gu\u00eda y recomendaci\u00f3n pasa por un proceso de revisi\u00f3n para garantizar su precisi\u00f3n, claridad y utilidad.<\/p>\n\n\n\n<ul>\n<li><strong>Nos centramos en el acceso, no en las barreras.<\/strong><\/li>\n<\/ul>\n\n\n\n<p>Nuestro objetivo es hacer que la informaci\u00f3n sea comprensible y procesable, especialmente para aquellos que no tienen t\u00edtulos avanzados, herramientas costosas o conocimiento interno.<\/p>\n\n\n\n<p>Entendemos que las decisiones profesionales son profundamente personales, y lo que funciona para una persona puede no ser adecuado para otra. Por eso, nuestro objetivo es brindar a los lectores recursos que puedan interpretar y aplicar seg\u00fan sus propias necesidades.<br><\/p>\n\n\n\n<h2 class=\"wp-block-heading\">Aviso legal y exenci\u00f3n de responsabilidad<\/h2>\n\n\n\n<p>Para mantener la transparencia, es importante aclarar qu\u00e9 hace Smart Job Funds y qu\u00e9 no hacemos.<\/p>\n\n\n\n<ul>\n<li><strong>No ofrecemos trabajos ni cursos directamente<\/strong><\/li>\n<\/ul>\n\n\n\n<p>Simplemente publicamos lo que est\u00e1 disponible p\u00fablicamente y es relevante. Todas las solicitudes de empleo e inscripciones a cursos se realizan en plataformas de terceros. No participamos en el proceso de contrataci\u00f3n ni en la impartici\u00f3n de ninguna capacitaci\u00f3n.<\/p>\n\n\n\n<ul>\n<li><strong>No estamos afiliados a ninguna empresa o instituci\u00f3n.<\/strong><\/li>\n<\/ul>\n\n\n\n<p>Los empleadores, sitios web y proveedores de cursos mencionados en nuestro sitio operan de forma independiente. Nuestras referencias a ellos son solo para fines informativos y no implican colaboraci\u00f3n ni respaldo.<\/p>\n\n\n\n<ul>\n<li><strong>No somos responsables del contenido que cambia o se elimina.<\/strong><\/li>\n<\/ul>\n\n\n\n<p>Las ofertas de empleo y los programas de capacitaci\u00f3n pueden ser eliminados, actualizados o cerrados sin previo aviso. Si bien nuestro objetivo es proporcionar informaci\u00f3n precisa al momento de la publicaci\u00f3n, no podemos garantizar su disponibilidad continua. Los usuarios siempre deben verificar la informaci\u00f3n directamente con la fuente original antes de tomar decisiones.<\/p>\n\n\n\n<ul>\n<li><strong>Todo uso de nuestra plataforma es voluntario.<\/strong><\/li>\n<\/ul>\n\n\n\n<p>Puede navegar, leer y utilizar la informaci\u00f3n aqu\u00ed proporcionada sin compromiso. Si decide actuar bas\u00e1ndose en la informaci\u00f3n de nuestro sitio, lo hace bajo su propia discreci\u00f3n y riesgo.<\/p>\n\n\n\n<p>Alentamos a todos los lectores a verificar los detalles del trabajo y del curso antes de postularse y a comunicarse con fuentes oficiales cuando necesiten una aclaraci\u00f3n.<\/p>\n\n\n\n<p>En Smart Job Funds, nuestro papel es informar, no dirigir. Creemos que con la informaci\u00f3n correcta, puedes avanzar con inteligencia hacia el futuro que deseas. Nuestra plataforma existe para ayudarte a descubrir nuevas opciones, perfeccionar tus habilidades y comprender el cambiante mundo laboral: un art\u00edculo, una lista y una decisi\u00f3n a la vez.<\/p>","protected":false},"excerpt":{"rendered":"<p>Smart Job Funds existe para apoyar a personas que est\u00e1n construyendo activamente su trayectoria profesional, ya sea que se incorporen al mercado laboral, cambien de carrera o busquen ampliar sus habilidades. Nuestra plataforma se basa en un objetivo simple: proporcionar informaci\u00f3n clara, accesible e independiente sobre vacantes, desarrollo profesional y oportunidades de aprendizaje. Creemos que [\u2026]<\/p>","protected":false},"author":3,"featured_media":0,"parent":0,"menu_order":0,"comment_status":"closed","ping_status":"closed","template":"","meta":{"_uag_custom_page_level_css":"","site-sidebar-layout":"default","site-content-layout":"","ast-site-content-layout":"","site-content-style":"default","site-sidebar-style":"default","ast-global-header-display":"","ast-banner-title-visibility":"","ast-main-header-display":"","ast-hfb-above-header-display":"","ast-hfb-below-header-display":"","ast-hfb-mobile-header-display":"","site-post-title":"","ast-breadcrumbs-content":"","ast-featured-img":"","footer-sml-layout":"","theme-transparent-header-meta":"","adv-header-id-meta":"","stick-header-meta":"","header-above-stick-meta":"","header-main-stick-meta":"","header-below-stick-meta":"","astra-migrate-meta-layouts":"default","ast-page-background-enabled":"default","ast-page-background-meta":{"desktop":{"background-color":"var(--ast-global-color-4)","background-image":"","background-repeat":"repeat","background-position":"center center","background-size":"auto","background-attachment":"scroll","background-type":"","background-media":"","overlay-type":"","overlay-color":"","overlay-opacity":"","overlay-gradient":""},"tablet":{"background-color":"","background-image":"","background-repeat":"repeat","background-position":"center center","background-size":"auto","background-attachment":"scroll","background-type":"","background-media":"","overlay-type":"","overlay-color":"","overlay-opacity":"","overlay-gradient":""},"mobile":{"background-color":"","background-image":"","background-repeat":"repeat","background-position":"center center","background-size":"auto","background-attachment":"scroll","background-type":"","background-media":"","overlay-type":"","overlay-color":"","overlay-opacity":"","overlay-gradient":""}},"ast-content-background-meta":{"desktop":{"background-color":"var(--ast-global-color-5)","background-image":"","background-repeat":"repeat","background-position":"center center","background-size":"auto","background-attachment":"scroll","background-type":"","background-media":"","overlay-type":"","overlay-color":"","overlay-opacity":"","overlay-gradient":""},"tablet":{"background-color":"var(--ast-global-color-5)","background-image":"","background-repeat":"repeat","background-position":"center center","background-size":"auto","background-attachment":"scroll","background-type":"","background-media":"","overlay-type":"","overlay-color":"","overlay-opacity":"","overlay-gradient":""},"mobile":{"background-color":"var(--ast-global-color-5)","background-image":"","background-repeat":"repeat","background-position":"center center","background-size":"auto","background-attachment":"scroll","background-type":"","background-media":"","overlay-type":"","overlay-color":"","overlay-opacity":"","overlay-gradient":""}},"footnotes":""},"yoast_head":"<!-- This site is optimized with the Yoast SEO plugin v23.3 - https:\/\/yoast.com\/wordpress\/plugins\/seo\/ -->\n<title>About - Smart Job Funds<\/title>\n<meta name=\"robots\" content=\"index, follow, max-snippet:-1, max-image-preview:large, max-video-preview:-1\" \/>\n<link rel=\"canonical\" href=\"https:\/\/smartjobfunds.com\/es\/about\/\" \/>\n<meta property=\"og:locale\" content=\"es_MX\" \/>\n<meta property=\"og:type\" content=\"article\" \/>\n<meta property=\"og:title\" content=\"About - Smart Job Funds\" \/>\n<meta property=\"og:description\" content=\"Smart Job Funds exists to support individuals who are actively building their professional paths, whether they are entering the workforce, changing careers, or looking to expand their skill set. Our platform is built around one simple goal: to provide clear, accessible, and independent information about job openings, professional development, and learning opportunities. We believe that [&hellip;]\" \/>\n<meta property=\"og:url\" content=\"https:\/\/smartjobfunds.com\/es\/about\/\" \/>\n<meta property=\"og:site_name\" content=\"Smart Job Funds\" \/>\n<meta property=\"article:modified_time\" content=\"2025-08-04T17:02:13+00:00\" \/>\n<meta name=\"twitter:card\" content=\"summary_large_image\" \/>\n<meta name=\"twitter:label1\" content=\"Est. reading time\" \/>\n\t<meta name=\"twitter:data1\" content=\"5 minutos\" \/>\n<script type=\"application\/ld+json\" class=\"yoast-schema-graph\">{\"@context\":\"https:\/\/schema.org\",\"@graph\":[{\"@type\":\"WebPage\",\"@id\":\"https:\/\/smartjobfunds.com\/about\/\",\"url\":\"https:\/\/smartjobfunds.com\/about\/\",\"name\":\"About - Smart Job Funds\",\"isPartOf\":{\"@id\":\"https:\/\/smartjobfunds.com\/#website\"},\"datePublished\":\"2025-08-04T17:02:12+00:00\",\"dateModified\":\"2025-08-04T17:02:13+00:00\",\"breadcrumb\":{\"@id\":\"https:\/\/smartjobfunds.com\/about\/#breadcrumb\"},\"inLanguage\":\"es-MX\",\"potentialAction\":[{\"@type\":\"ReadAction\",\"target\":[\"https:\/\/smartjobfunds.com\/about\/\"]}]},{\"@type\":\"BreadcrumbList\",\"@id\":\"https:\/\/smartjobfunds.com\/about\/#breadcrumb\",\"itemListElement\":[{\"@type\":\"ListItem\",\"position\":1,\"name\":\"Home\",\"item\":\"https:\/\/smartjobfunds.com\/\"},{\"@type\":\"ListItem\",\"position\":2,\"name\":\"About\"}]},{\"@type\":\"WebSite\",\"@id\":\"https:\/\/smartjobfunds.com\/#website\",\"url\":\"https:\/\/smartjobfunds.com\/\",\"name\":\"Smart Job Funds\",\"description\":\"\",\"publisher\":{\"@id\":\"https:\/\/smartjobfunds.com\/#organization\"},\"potentialAction\":[{\"@type\":\"SearchAction\",\"target\":{\"@type\":\"EntryPoint\",\"urlTemplate\":\"https:\/\/smartjobfunds.com\/?s={search_term_string}\"},\"query-input\":\"required name=search_term_string\"}],\"inLanguage\":\"es-MX\"},{\"@type\":\"Organization\",\"@id\":\"https:\/\/smartjobfunds.com\/#organization\",\"name\":\"Smart Job Funds\",\"url\":\"https:\/\/smartjobfunds.com\/\",\"logo\":{\"@type\":\"ImageObject\",\"inLanguage\":\"es-MX\",\"@id\":\"https:\/\/smartjobfunds.com\/#\/schema\/logo\/image\/\",\"url\":\"https:\/\/smartjobfunds.com\/wp-content\/uploads\/sites\/468\/2026\/01\/cropped-cropped-SJF-logo.png\",\"contentUrl\":\"https:\/\/smartjobfunds.com\/wp-content\/uploads\/sites\/468\/2026\/01\/cropped-cropped-SJF-logo.png\",\"width\":438,\"height\":439,\"caption\":\"Smart Job Funds\"},\"image\":{\"@id\":\"https:\/\/smartjobfunds.com\/#\/schema\/logo\/image\/\"}}]}<\/script>\n<!-- \/ Yoast SEO plugin. -->","yoast_head_json":{"title":"About - Smart Job Funds","robots":{"index":"index","follow":"follow","max-snippet":"max-snippet:-1","max-image-preview":"max-image-preview:large","max-video-preview":"max-video-preview:-1"},"canonical":"https:\/\/smartjobfunds.com\/es\/about\/","og_locale":"es_MX","og_type":"article","og_title":"About - Smart Job Funds","og_description":"Smart Job Funds exists to support individuals who are actively building their professional paths, whether they are entering the workforce, changing careers, or looking to expand their skill set. Our platform is built around one simple goal: to provide clear, accessible, and independent information about job openings, professional development, and learning opportunities. We believe that [&hellip;]","og_url":"https:\/\/smartjobfunds.com\/es\/about\/","og_site_name":"Smart Job Funds","article_modified_time":"2025-08-04T17:02:13+00:00","twitter_card":"summary_large_image","twitter_misc":{"Est. reading time":"5 minutos"},"schema":{"@context":"https:\/\/schema.org","@graph":[{"@type":"WebPage","@id":"https:\/\/smartjobfunds.com\/about\/","url":"https:\/\/smartjobfunds.com\/about\/","name":"About - Smart Job Funds","isPartOf":{"@id":"https:\/\/smartjobfunds.com\/#website"},"datePublished":"2025-08-04T17:02:12+00:00","dateModified":"2025-08-04T17:02:13+00:00","breadcrumb":{"@id":"https:\/\/smartjobfunds.com\/about\/#breadcrumb"},"inLanguage":"es-MX","potentialAction":[{"@type":"ReadAction","target":["https:\/\/smartjobfunds.com\/about\/"]}]},{"@type":"BreadcrumbList","@id":"https:\/\/smartjobfunds.com\/about\/#breadcrumb","itemListElement":[{"@type":"ListItem","position":1,"name":"Home","item":"https:\/\/smartjobfunds.com\/"},{"@type":"ListItem","position":2,"name":"About"}]},{"@type":"WebSite","@id":"https:\/\/smartjobfunds.com\/#website","url":"https:\/\/smartjobfunds.com\/","name":"Smart Job Funds","description":"","publisher":{"@id":"https:\/\/smartjobfunds.com\/#organization"},"potentialAction":[{"@type":"SearchAction","target":{"@type":"EntryPoint","urlTemplate":"https:\/\/smartjobfunds.com\/?s={search_term_string}"},"query-input":"required name=search_term_string"}],"inLanguage":"es-MX"},{"@type":"Organization","@id":"https:\/\/smartjobfunds.com\/#organization","name":"Smart Job Funds","url":"https:\/\/smartjobfunds.com\/","logo":{"@type":"ImageObject","inLanguage":"es-MX","@id":"https:\/\/smartjobfunds.com\/#\/schema\/logo\/image\/","url":"https:\/\/smartjobfunds.com\/wp-content\/uploads\/sites\/468\/2026\/01\/cropped-cropped-SJF-logo.png","contentUrl":"https:\/\/smartjobfunds.com\/wp-content\/uploads\/sites\/468\/2026\/01\/cropped-cropped-SJF-logo.png","width":438,"height":439,"caption":"Smart Job Funds"},"image":{"@id":"https:\/\/smartjobfunds.com\/#\/schema\/logo\/image\/"}}]}},"uagb_featured_image_src":{"full":false,"thumbnail":false,"medium":false,"medium_large":false,"large":false,"1536x1536":false,"2048x2048":false,"trp-custom-language-flag":false},"uagb_author_info":{"display_name":"Bruno Gianni","author_link":"https:\/\/smartjobfunds.com\/es\/author\/bcgianni\/"},"uagb_comment_info":0,"uagb_excerpt":"Smart Job Funds exists to support individuals who are actively building their professional paths, whether they are entering the workforce, changing careers, or looking to expand their skill set. Our platform is built around one simple goal: to provide clear, accessible, and independent information about job openings, professional development, and learning opportunities. We believe that&hellip;","_links":{"self":[{"href":"https:\/\/smartjobfunds.com\/es\/wp-json\/wp\/v2\/pages\/12"}],"collection":[{"href":"https:\/\/smartjobfunds.com\/es\/wp-json\/wp\/v2\/pages"}],"about":[{"href":"https:\/\/smartjobfunds.com\/es\/wp-json\/wp\/v2\/types\/page"}],"author":[{"embeddable":true,"href":"https:\/\/smartjobfunds.com\/es\/wp-json\/wp\/v2\/users\/3"}],"replies":[{"embeddable":true,"href":"https:\/\/smartjobfunds.com\/es\/wp-json\/wp\/v2\/comments?post=12"}],"version-history":[{"count":2,"href":"https:\/\/smartjobfunds.com\/es\/wp-json\/wp\/v2\/pages\/12\/revisions"}],"predecessor-version":[{"id":486,"href":"https:\/\/smartjobfunds.com\/es\/wp-json\/wp\/v2\/pages\/12\/revisions\/486"}],"wp:attachment":[{"href":"https:\/\/smartjobfunds.com\/es\/wp-json\/wp\/v2\/media?parent=12"}],"curies":[{"name":"wp","href":"https:\/\/api.w.org\/{rel}","templated":true}]}}